{"id":3215,"date":"2023-04-16T11:55:43","date_gmt":"2023-04-16T09:55:43","guid":{"rendered":"http:\/\/www.siloefilmfestival.it\/?page_id=3215"},"modified":"2026-04-21T18:19:56","modified_gmt":"2026-04-21T16:19:56","slug":"la-location","status":"publish","type":"page","link":"http:\/\/www.siloefilmfestival.it\/?page_id=3215","title":{"rendered":"LA LOCATION"},"content":{"rendered":"\n<p>Il&nbsp;<strong>Siloe Film Festival<\/strong>&nbsp;si svolge presso la <strong><a href=\"http:\/\/www.monasterodisiloe.it\/\">Comunit\u00e0 Monastica di Siloe<\/a><\/strong> che si inserisce nel solco della tradizione benedettina. La comunit\u00e0 vive e opera in un monastero in costruzione, ma gi\u00e0 capace di ospitare amici e pellegrini, anche se in numero ristretto. Situato su di un alto colle che domina la valle dell\u2019Ombrone, guarda da non molto lontano il Monte Amiata e la Val d\u2019Orcia, scruta l\u2019orizzonte per tuffarsi in mare, soprattutto nei tramonti dorati, dietro ai monti dell\u2019Uccellina. S\u00ec, in Toscana, in provincia di Grosseto, a un chilometro dal paese di Poggi del Sasso e a 10 da Paganico. Oltre ai membri stabili, sono spesso ospiti persone che trascorrono con i monaci dei periodi pi\u00f9 o meno lunghi condividendo la vita della Comunit\u00e0.<\/p>\n\n\n\n<p>&#8221; Anche quest&#8217;anno il SILOE FILM FESTIVAL si svolge presso la comunit\u00e0 monastica di SILOE &#8211;<\/p>\n\n\n\n<p>Il 2026 si arricchisce di significato, secondo il desiderio nativo del festival ovvero di coinvolgere il pi\u00f9 possibile&nbsp; i giovani, con la coorganizzazione e partecipazione del Consiglio dei Giovani del Mediterraneo.<br>Il Comitato Organizzatore \u00e8 cos\u00ec composto: Maurizio Certini, Gabriele Pecchioli,&nbsp; Damiano Bettoni,&nbsp;Francesco Lalli, Claudio Grisanti,<\/p>\n\n\n\n<p>La Direzione Artistica \u00e8 affidata a Federico Pontiggia.<\/p>\n\n\n\n<p>La segreteria organizzativa \u00e8 affidata ad Antonio Vaiano e Giulia Lucchini, che seguir\u00e0 anche gli aspetti di comunicazione, in coordinamento con la segreteria del Consiglio dei Giovani del Mediterraneo, Tina Hamalaya&#8221;<\/p>\n\n\n\n<p><a href=\"http:\/\/www.monasterodisiloe.it\/\">http:\/\/www.monasterodisiloe.it<\/a><\/p>\n\n\n\n\n\n<figure class=\"wp-block-embed aligncenter is-type-rich is-provider-handler-delloggetto-incorporato wp-block-embed-handler-delloggetto-incorporato wp-embed-aspect-4-3 wp-has-aspect-ratio\"><div class=\"wp-block-embed__wrapper\">\n<iframe loading=\"lazy\" title=\"Eremo di Siloe\" width=\"940\" height=\"705\" src=\"https:\/\/www.youtube.com\/embed\/JU48x1BvEos?feature=oembed\" frameborder=\"0\" allow=\"accelerometer; autoplay; clipboard-write; encrypted-media; gyroscope; picture-in-picture; web-share\" referrerpolicy=\"strict-origin-when-cross-origin\" allowfullscreen><\/iframe>\n<\/div><\/figure>\n\n\n\n<p><\/p>\n\n\n\n<p class=\"has-large-font-size\"><mark style=\"background-color:rgba(0, 0, 0, 0)\" class=\"has-inline-color has-luminous-vivid-amber-color\"><strong><a href=\"http:\/\/www.monasterodisiloe.it\/come-arrivare-da-noi\/\" data-type=\"URL\" data-id=\"http:\/\/www.monasterodisiloe.it\/come-arrivare-da-noi\/\">COME ARRIVARE A SILOE<\/a><\/strong><\/mark><\/p>\n\n\n\n<pre class=\"wp-block-code\"><code><iframe src=\"https:\/\/www.google.com\/maps\/embed?pb=!1m26!1m12!1m3!1d1460.892814005648!2d11.317337188602224!3d42.919561906997934!2m3!1f0!2f0!3f0!3m2!1i1024!2i768!4f13.1!4m11!3e6!4m3!3m2!1d42.9199017!2d11.316664099999999!4m5!1s0x1329a021c8cf5933%3A0x6f27c1af75ee67c9!2sStr.%20S.%20Benedetto%2C%201%2C%2058044%20Poggi%20del%20Sasso%20GR!3m2!1d42.919218199999996!2d11.3192819!5e0!3m2!1sit!2sit!4v1772101350421!5m2!1sit!2sit\" width=\"600\" height=\"450\" style=\"border:0;\" allowfullscreen=\"\" loading=\"lazy\" referrerpolicy=\"no-referrer-when-downgrade\"><\/iframe><\/code><\/pre>\n","protected":false},"excerpt":{"rendered":"<p>Il&nbsp;Siloe Film Festival&nbsp;si svolge presso la Comunit\u00e0 Monastica di Siloe che si inserisce nel solco della tradizione benedettina. La comunit\u00e0 vive e opera in un monastero in costruzione, ma gi\u00e0 capace di ospitare amici e pellegrini, anche se in numero &hellip; <a class=\"more-link\" href=\"http:\/\/www.siloefilmfestival.it\/?page_id=3215\">Continua a leggere<span class=\"meta-nav\">&rarr;<\/span><\/a><\/p>\n","protected":false},"author":5,"featured_media":0,"parent":0,"menu_order":0,"comment_status":"closed","ping_status":"closed","template":"","meta":{"footnotes":""},"class_list":["post-3215","page","type-page","status-publish","hentry"],"_links":{"self":[{"href":"http:\/\/www.siloefilmfestival.it\/index.php?rest_route=\/wp\/v2\/pages\/3215","targetHints":{"allow":["GET"]}}],"collection":[{"href":"http:\/\/www.siloefilmfestival.it\/index.php?rest_route=\/wp\/v2\/pages"}],"about":[{"href":"http:\/\/www.siloefilmfestival.it\/index.php?rest_route=\/wp\/v2\/types\/page"}],"author":[{"embeddable":true,"href":"http:\/\/www.siloefilmfestival.it\/index.php?rest_route=\/wp\/v2\/users\/5"}],"replies":[{"embeddable":true,"href":"http:\/\/www.siloefilmfestival.it\/index.php?rest_route=%2Fwp%2Fv2%2Fcomments&post=3215"}],"version-history":[{"count":8,"href":"http:\/\/www.siloefilmfestival.it\/index.php?rest_route=\/wp\/v2\/pages\/3215\/revisions"}],"predecessor-version":[{"id":3705,"href":"http:\/\/www.siloefilmfestival.it\/index.php?rest_route=\/wp\/v2\/pages\/3215\/revisions\/3705"}],"wp:attachment":[{"href":"http:\/\/www.siloefilmfestival.it\/index.php?rest_route=%2Fwp%2Fv2%2Fmedia&parent=3215"}],"curies":[{"name":"wp","href":"https:\/\/api.w.org\/{rel}","templated":true}]}}