{"id":3565,"date":"2026-02-25T13:02:16","date_gmt":"2026-02-25T12:02:16","guid":{"rendered":"http:\/\/www.siloefilmfestival.it\/?page_id=3565"},"modified":"2026-03-01T18:27:25","modified_gmt":"2026-03-01T17:27:25","slug":"monastero-di-siloe","status":"publish","type":"page","link":"http:\/\/www.siloefilmfestival.it\/?page_id=3565","title":{"rendered":"MONASTERO DI SILOE"},"content":{"rendered":"\n<p>La nostra comunit\u00e0 vive e opera in un monastero in costruzione, ma gi\u00e0 capace di accogliere amici, ospiti e pellegrini.<\/p>\n\n\n\n<p>Siamo Una Comunit\u00e0 Di Monaci Che Si Inserisce Nel Solco Della Tradizione Benedettina, Riconosciuta Il 18 Dicembre 1997 Dal Vescovo Di Grosseto, Mons. Giacomo Babini.<\/p>\n\n\n\n<p>Abitiamo su un colle che domina la valle dell\u2019Ombrone, guarda da non molto lontano il Monte Amiata e la Val d\u2019Orcia , scruta l\u2019orizzonte per tuffarsi in mare, soprattutto nei tramonti dorati, dietro ai monti dell\u2019Uccellina. S\u00ec, siamo in Toscana, in provincia di Grosseto, a un chilometro dal paese di Poggi del Sasso e a 10 da Paganico.<\/p>\n","protected":false},"excerpt":{"rendered":"<p>La nostra comunit\u00e0 vive e opera in un monastero in costruzione, ma gi\u00e0 capace di accogliere amici, ospiti e pellegrini. Siamo Una Comunit\u00e0 Di Monaci Che Si Inserisce Nel Solco Della Tradizione Benedettina, Riconosciuta Il 18 Dicembre 1997 Dal Vescovo &hellip; <a class=\"more-link\" href=\"http:\/\/www.siloefilmfestival.it\/?page_id=3565\">Continua a leggere<span class=\"meta-nav\">&rarr;<\/span><\/a><\/p>\n","protected":false},"author":2,"featured_media":0,"parent":0,"menu_order":0,"comment_status":"closed","ping_status":"closed","template":"","meta":{"footnotes":""},"class_list":["post-3565","page","type-page","status-publish","hentry"],"_links":{"self":[{"href":"http:\/\/www.siloefilmfestival.it\/index.php?rest_route=\/wp\/v2\/pages\/3565","targetHints":{"allow":["GET"]}}],"collection":[{"href":"http:\/\/www.siloefilmfestival.it\/index.php?rest_route=\/wp\/v2\/pages"}],"about":[{"href":"http:\/\/www.siloefilmfestival.it\/index.php?rest_route=\/wp\/v2\/types\/page"}],"author":[{"embeddable":true,"href":"http:\/\/www.siloefilmfestival.it\/index.php?rest_route=\/wp\/v2\/users\/2"}],"replies":[{"embeddable":true,"href":"http:\/\/www.siloefilmfestival.it\/index.php?rest_route=%2Fwp%2Fv2%2Fcomments&post=3565"}],"version-history":[{"count":2,"href":"http:\/\/www.siloefilmfestival.it\/index.php?rest_route=\/wp\/v2\/pages\/3565\/revisions"}],"predecessor-version":[{"id":3586,"href":"http:\/\/www.siloefilmfestival.it\/index.php?rest_route=\/wp\/v2\/pages\/3565\/revisions\/3586"}],"wp:attachment":[{"href":"http:\/\/www.siloefilmfestival.it\/index.php?rest_route=%2Fwp%2Fv2%2Fmedia&parent=3565"}],"curies":[{"name":"wp","href":"https:\/\/api.w.org\/{rel}","templated":true}]}}