{"id":3567,"date":"2026-02-25T13:02:52","date_gmt":"2026-02-25T12:02:52","guid":{"rendered":"http:\/\/www.siloefilmfestival.it\/?page_id=3567"},"modified":"2026-03-01T18:11:45","modified_gmt":"2026-03-01T17:11:45","slug":"rete-marenostrum","status":"publish","type":"page","link":"http:\/\/www.siloefilmfestival.it\/?page_id=3567","title":{"rendered":"RETE MARENOSTRUM"},"content":{"rendered":"\n<p><em>La <strong>RETE MARE NOSTRUM<\/strong> \u00e8 una rete di Fondazioni e Associazioni costituita da Fondazione Giorgio La Pira, Fondazione Giovanni Paolo II, Centro internazionale Studenti Giorgio La Pira, Opera per la giovent\u00f9 Giorgio La Pira.<\/em><\/p>\n\n\n\n<p><em>La Rete \u00e8 il soggetto a cui la Conferenza Episcopale Italiana ha affidato il progetto del <strong>CONSIGLIO DEI GIOVANI DEL MEDITERRANEO<\/strong>.<\/em><\/p>\n\n\n\n<p><em>Questi i compiti di ciascuno dei soggetti sostitutivi della Rete nell&#8217;ambito del progetto:<\/em><\/p>\n\n\n\n<p><strong><em>a)<\/em><\/strong><em> La<strong> Fondazione Giorgio La Pira<\/strong> ha come scopo la promozione di iniziative culturali e sociali nel nome del Prof. Giorgio La Pira per tramandarne il pensiero e l\u2019azione a livello nazionale ed internazionale e per conservare, ed utilizzare a fini scientifici e culturali l\u2019Archivio e la Biblioteca del Prof. Giorgio La Pira, anche promuovendo l\u2019incontro tra persone di Chiese e religioni diverse e il dialogo ecumenico e interreligioso, nonch\u00e9 le iniziative di incontro tra le nuove generazioni in nome della pace. <strong>Nell&#8217;ambito del Progetto ha un<\/strong><\/em> <strong><em>compito di indirizzo, di promozione dei contenuti nonch\u00e9 di lavoro scientifico collegato.<\/em><\/strong><\/p>\n\n\n\n<p><strong><em>b)<\/em><\/strong><em> la<strong> Fondazione Giovanni Paolo II<\/strong>, fondata nel 2007 dal mons. Luciano Giovannetti, ha l&#8217;obiettivo di portare aiuto e conforto alle popolazioni della Terra Santa e del Medio Oriente e di promuovere il dialogo come unica via di pace fra culture e religioni differenti, nel solco degli insegnamenti lasciati da San Giovanni Paolo II durante il suo pontificato. <strong>Nell\u2019ambito del progetto funge da riferimento amministrativo della rete, assicura una segreteria permanente e garantisce l\u2019interazione con le realt\u00e0 ecclesiali interessate.<\/strong><\/em><strong><em><\/em><\/strong><\/p>\n\n\n\n<p><strong><em>c)<\/em><\/strong><em> L\u2019<strong>Opera per la Giovent\u00f9 Giorgio la Pira ODV<\/strong>, nata per volont\u00e0 di Pino Arpioni, collaboratore del Prof. Giorgio La Pira, da oltre sessanta anni svolge attivit\u00e0 educativa a favore dei giovani con campi estivi e invernali ai villaggi \u201cLa Vela\u201d e \u201cIl Cimone\u201d e presso la Casa Alpina \u201cFirenze, promuovendo anche scambi giovanili a livello internazionale ed esperienze di vita comunitaria fra giovani di nazioni, popoli e culture diverse, in particolare il \u201cCampo Internazionale\u201d presso il Villaggio \u201cLa Vela\u201d di Castiglione della Pescaia. <strong>Nell\u2019ambito del progetto ha il compito di creare e gestire campus, incontri, seminari, eventi con le realt\u00e0 giovanili del Mediterraneo, anche a carattere ecumenico ed interreligioso.<\/strong><\/em><\/p>\n\n\n\n<p><strong><em>d) <\/em><\/strong><em>Il <strong>Centro Internazionale Studenti Giorgio La Pira &#8211; Fondazione<\/strong> nato nel 1978 per volont\u00e0 del card. Giovanni Benelli, luogo educativo per giovani di varie nazionalit\u00e0, aiutandoli a percepirsi potenziali ambasciatori di relazioni tra paesi e promotori di pace, promuove attivit\u00e0 culturali e formative, di orientamento e di sostegno allo studio universitario, in particolare per chi giunge a Firenze da tante parti del mondo ed \u00e8 diverso per abitudini, per cultura o per religione, proponendosi di essere luogo di incontro e di dialogo cos\u00ec da contribuire alla realizzazione di un mondo unito.<\/em> <strong><em>Nell\u2019ambito del progetto organizza percorsi formativi, culturali e di dialogo ecumenico ed interreligioso nell\u2019ambito di percorsi di studio e scambio per studenti universitari dei Paesi che si affacciano sul Mediterraneo, anche in collegamento con l\u2019Universit\u00e0 di Firenze e con altri Istituti di Formazione superiore.<\/em><\/strong><\/p>\n","protected":false},"excerpt":{"rendered":"<p>La RETE MARE NOSTRUM \u00e8 una rete di Fondazioni e Associazioni costituita da Fondazione Giorgio La Pira, Fondazione Giovanni Paolo II, Centro internazionale Studenti Giorgio La Pira, Opera per la giovent\u00f9 Giorgio La Pira. La Rete \u00e8 il soggetto a &hellip; <a class=\"more-link\" href=\"http:\/\/www.siloefilmfestival.it\/?page_id=3567\">Continua a leggere<span class=\"meta-nav\">&rarr;<\/span><\/a><\/p>\n","protected":false},"author":2,"featured_media":0,"parent":0,"menu_order":0,"comment_status":"closed","ping_status":"closed","template":"","meta":{"footnotes":""},"class_list":["post-3567","page","type-page","status-publish","hentry"],"_links":{"self":[{"href":"http:\/\/www.siloefilmfestival.it\/index.php?rest_route=\/wp\/v2\/pages\/3567","targetHints":{"allow":["GET"]}}],"collection":[{"href":"http:\/\/www.siloefilmfestival.it\/index.php?rest_route=\/wp\/v2\/pages"}],"about":[{"href":"http:\/\/www.siloefilmfestival.it\/index.php?rest_route=\/wp\/v2\/types\/page"}],"author":[{"embeddable":true,"href":"http:\/\/www.siloefilmfestival.it\/index.php?rest_route=\/wp\/v2\/users\/2"}],"replies":[{"embeddable":true,"href":"http:\/\/www.siloefilmfestival.it\/index.php?rest_route=%2Fwp%2Fv2%2Fcomments&post=3567"}],"version-history":[{"count":2,"href":"http:\/\/www.siloefilmfestival.it\/index.php?rest_route=\/wp\/v2\/pages\/3567\/revisions"}],"predecessor-version":[{"id":3585,"href":"http:\/\/www.siloefilmfestival.it\/index.php?rest_route=\/wp\/v2\/pages\/3567\/revisions\/3585"}],"wp:attachment":[{"href":"http:\/\/www.siloefilmfestival.it\/index.php?rest_route=%2Fwp%2Fv2%2Fmedia&parent=3567"}],"curies":[{"name":"wp","href":"https:\/\/api.w.org\/{rel}","templated":true}]}}